{"id":60,"date":"2015-09-29T16:32:47","date_gmt":"2015-09-29T16:32:47","guid":{"rendered":"http:\/\/www.parrocchiadibogliasco.it\/?page_id=60"},"modified":"2015-09-29T16:32:47","modified_gmt":"2015-09-29T16:32:47","slug":"storia","status":"publish","type":"page","link":"https:\/\/www.parrocchiadibogliasco.it\/index.php\/storia\/","title":{"rendered":"Storia"},"content":{"rendered":"<p><a href=\"http:\/\/www.parrocchiadibogliasco.it\/wp-content\/uploads\/2015\/09\/Buggia_150x150.jpg\"><img loading=\"lazy\" decoding=\"async\" class=\"alignleft size-full wp-image-49\" src=\"http:\/\/www.parrocchiadibogliasco.it\/wp-content\/uploads\/2015\/09\/Buggia_150x150.jpg\" alt=\"Buggia_150x150\" width=\"150\" height=\"150\" \/><\/a>Il preesistente edificio religioso, intitolata alla Nativit\u00e0 di Maria Santissima e sito in Bogliasco Alto, \u00e8 risalente secondo alcune fonti al\u00a0XII secolo, nel particolare viene citato per la prima volta in un antico documento datato al 3 dicembre del 1182. Tale edificio fu elevato al titolo di parrocchia nel 1576 e fu soggetto alla pieve di San Siro di Nervi; nel corso del Seicento, nel 1688, furono eseguiti diversi lavori di restauro dell&#8217;antico tempio religioso.<\/p>\n<p>La decisione di erigere una nuova chiesa a Bogliasco Basso fu presa nella prima met\u00e0 del XVIII secolo per soddisfare le esigenze della popolazione e fu scelto il disegno dell&#8217;architetto Giovanni Antonio Ricca[1].<\/p>\n<p>I lavori per l&#8217;edificazione iniziarono nel 1731 e procedettero tanto alacremente che nel 1736 furono completati tutti gli altari laterali e l&#8217;anno successivo &#8211; 1737 &#8211; l&#8217;opera fu ultimata nel suo complesso. Il 12 ottobre del 1794 la chiesa fu consacrata dall&#8217;arcivescovo di Genova Giovanni Lercari. Sub\u00ec alcuni interventi di abbellimento nel corso del XIX secolo, quali nuovi marmi nel 1867 &#8211; 1868 e l&#8217;affrescatura della volta nel 1884 ad opera del pittore Virginio Grana; il coro ligneo fu rifatto nel 1742 da Andrea Bocciardo.<\/p>\n<p>Il 19 luglio del 1901 venne eletta al titolo di Arcipretura da monsignor Tommaso Reggio.<\/p>\n<p>Ospita opere di notevole valore culturale come il Crocifisso di Anton Maria Maragliano, danneggiato da un folle e restaurato nel 2004, e la tela attribuita a Giovanni Andrea De Ferrari. L&#8217;altare maggiore realizzato tra il 1782 e il 1783 \u00e8 opera dello scultore Bernardo Mantero, lo stesso che realizzer\u00e0 il pavimento del presbiterio e dell&#8217;intera chiesa; la spesa per la sua realizzazione \u00e8 stata calcolata in 6.581 lire dell&#8217;epoca.<\/p>\n<p>Il nuovo altare del presbiterio \u00e8 stato scolpito nel 2001 su progetto dell&#8217;architetto Matteo Ferrari; l&#8217;altare fu consacrato il 15 settembre dello stesso anno dall&#8217;arcivescovo genovese Dionigi Tettamanzi.<\/p>\n<p>Tra le diverse opere artistiche pittoriche vi sono conservati quadri dei pittori Anton Maria Piola (la Madonna Addolorata del 1697), Gio Agostino Ratti (Nostra Signora del Carmelo appare a san Simone Stock del 1750), Carlo Giuseppe Ratti (Presentazione di Maria al Tempio del 1791), Francesco Pascucci (Assunzione della Vergine del 1790), Melchiorre Jeli (Nativit\u00e0 di Maria del 1791) e Raimondo Sirotti (Via Crucis del 1991). Inoltre sono conservate altri tre dipinti, il Battesimo di Ges\u00f9, Santi Gerolamo, Giovanni Battista e Antonio da Padova e la Sacra Famiglia, di pittori sconosciuti forse appartenente alla scuola pittorica genovese del XVII secolo.<\/p>\n<p>&nbsp;<\/p>\n<p>F0nte: Wikipedia<\/p>\n<h2><\/h2>\n<div class=\"thumb tright\"><\/div>\n","protected":false},"excerpt":{"rendered":"<p>Il preesistente edificio religioso, intitolata alla Nativit\u00e0 di Maria Santissima e sito in Bogliasco Alto, \u00e8 risalente secondo alcune fonti al\u00a0XII secolo, nel particolare viene citato per la prima volta in un antico documento datato al 3 dicembre del 1182. Tale edificio fu elevato al titolo di parrocchia nel 1576 e fu soggetto alla pieve [&hellip;]<\/p>\n","protected":false},"author":1,"featured_media":0,"parent":0,"menu_order":0,"comment_status":"closed","ping_status":"closed","template":"","meta":{"footnotes":""},"class_list":["post-60","page","type-page","status-publish","hentry"],"_links":{"self":[{"href":"https:\/\/www.parrocchiadibogliasco.it\/index.php\/wp-json\/wp\/v2\/pages\/60","targetHints":{"allow":["GET"]}}],"collection":[{"href":"https:\/\/www.parrocchiadibogliasco.it\/index.php\/wp-json\/wp\/v2\/pages"}],"about":[{"href":"https:\/\/www.parrocchiadibogliasco.it\/index.php\/wp-json\/wp\/v2\/types\/page"}],"author":[{"embeddable":true,"href":"https:\/\/www.parrocchiadibogliasco.it\/index.php\/wp-json\/wp\/v2\/users\/1"}],"replies":[{"embeddable":true,"href":"https:\/\/www.parrocchiadibogliasco.it\/index.php\/wp-json\/wp\/v2\/comments?post=60"}],"version-history":[{"count":1,"href":"https:\/\/www.parrocchiadibogliasco.it\/index.php\/wp-json\/wp\/v2\/pages\/60\/revisions"}],"predecessor-version":[{"id":61,"href":"https:\/\/www.parrocchiadibogliasco.it\/index.php\/wp-json\/wp\/v2\/pages\/60\/revisions\/61"}],"wp:attachment":[{"href":"https:\/\/www.parrocchiadibogliasco.it\/index.php\/wp-json\/wp\/v2\/media?parent=60"}],"curies":[{"name":"wp","href":"https:\/\/api.w.org\/{rel}","templated":true}]}}